{"id":27,"date":"2021-03-08T22:34:26","date_gmt":"2021-03-08T22:34:26","guid":{"rendered":"https:\/\/dasbadilbagno.it\/?page_id=27"},"modified":"2021-03-20T15:33:47","modified_gmt":"2021-03-20T15:33:47","slug":"leistungen","status":"publish","type":"page","link":"https:\/\/dasbadilbagno.it\/en\/leistungen\/","title":{"rendered":"Services"},"content":{"rendered":"\n<p>Was wir Ihnen anbieten k\u00f6nnen<\/p>\n\n\n\n<p>Beratung bei Auswahl und Design<br>Ausmessen vor Ort<br>Stil- und Gestaltungsberatung<br>Technische Beratung f\u00fcr Verlegung<br>Lieferung der Bestellung<br>Fachgerechte Verlegung<br>S\u00e4mtliche Zusatzprodukte und Zubeh\u00f6r<br>Tipps und Anleitungen f\u00fcr Verlegung<br>Tipps und Anleitung f\u00fcr Pflege<\/p>\n\n\n\n<figure class=\"wp-block-gallery columns-3 is-cropped wp-block-gallery-1 is-layout-flex wp-block-gallery-is-layout-flex\"><ul class=\"blocks-gallery-grid\"><li class=\"blocks-gallery-item\"><figure><img loading=\"lazy\" decoding=\"async\" width=\"703\" height=\"946\" src=\"https:\/\/dasbadilbagno.it\/wp-content\/uploads\/2021\/03\/146242489_189462236293206_2948010789980744638_n-1-1.jpg\" alt=\"\" data-id=\"99\" data-full-url=\"https:\/\/dasbadilbagno.it\/wp-content\/uploads\/2021\/03\/146242489_189462236293206_2948010789980744638_n-1-1.jpg\" data-link=\"https:\/\/dasbadilbagno.it\/leistungen\/146242489_189462236293206_2948010789980744638_n-1-1\/\" class=\"wp-image-99\" srcset=\"https:\/\/dasbadilbagno.it\/wp-content\/uploads\/2021\/03\/146242489_189462236293206_2948010789980744638_n-1-1.jpg 703w, https:\/\/dasbadilbagno.it\/wp-content\/uploads\/2021\/03\/146242489_189462236293206_2948010789980744638_n-1-1-223x300.jpg 223w, https:\/\/dasbadilbagno.it\/wp-content\/uploads\/2021\/03\/146242489_189462236293206_2948010789980744638_n-1-1-300x404.jpg 300w, https:\/\/dasbadilbagno.it\/wp-content\/uploads\/2021\/03\/146242489_189462236293206_2948010789980744638_n-1-1-600x807.jpg 600w\" sizes=\"auto, (max-width: 703px) 100vw, 703px\" \/><\/figure><\/li><li class=\"blocks-gallery-item\"><figure><img loading=\"lazy\" decoding=\"async\" width=\"1024\" height=\"1024\" src=\"https:\/\/dasbadilbagno.it\/wp-content\/uploads\/2021\/03\/147419391_190851066154323_6411118442778242377_o-2-1024x1024.jpg\" alt=\"\" data-id=\"100\" data-full-url=\"https:\/\/dasbadilbagno.it\/wp-content\/uploads\/2021\/03\/147419391_190851066154323_6411118442778242377_o-2.jpg\" data-link=\"https:\/\/dasbadilbagno.it\/leistungen\/147419391_190851066154323_6411118442778242377_o-2\/\" class=\"wp-image-100\" srcset=\"https:\/\/dasbadilbagno.it\/wp-content\/uploads\/2021\/03\/147419391_190851066154323_6411118442778242377_o-2-1024x1024.jpg 1024w, https:\/\/dasbadilbagno.it\/wp-content\/uploads\/2021\/03\/147419391_190851066154323_6411118442778242377_o-2-300x300.jpg 300w, https:\/\/dasbadilbagno.it\/wp-content\/uploads\/2021\/03\/147419391_190851066154323_6411118442778242377_o-2-150x150.jpg 150w, https:\/\/dasbadilbagno.it\/wp-content\/uploads\/2021\/03\/147419391_190851066154323_6411118442778242377_o-2-768x768.jpg 768w, https:\/\/dasbadilbagno.it\/wp-content\/uploads\/2021\/03\/147419391_190851066154323_6411118442778242377_o-2-850x850.jpg 850w, https:\/\/dasbadilbagno.it\/wp-content\/uploads\/2021\/03\/147419391_190851066154323_6411118442778242377_o-2-600x600.jpg 600w, https:\/\/dasbadilbagno.it\/wp-content\/uploads\/2021\/03\/147419391_190851066154323_6411118442778242377_o-2-100x100.jpg 100w, https:\/\/dasbadilbagno.it\/wp-content\/uploads\/2021\/03\/147419391_190851066154323_6411118442778242377_o-2.jpg 1237w\" sizes=\"auto, (max-width: 1024px) 100vw, 1024px\" \/><\/figure><\/li><li class=\"blocks-gallery-item\"><figure><img loading=\"lazy\" decoding=\"async\" width=\"1024\" height=\"1024\" src=\"https:\/\/dasbadilbagno.it\/wp-content\/uploads\/2021\/03\/151954332_198632592042837_946953904184305121_o-1-1024x1024.jpg\" alt=\"\" data-id=\"101\" data-full-url=\"https:\/\/dasbadilbagno.it\/wp-content\/uploads\/2021\/03\/151954332_198632592042837_946953904184305121_o-1.jpg\" data-link=\"https:\/\/dasbadilbagno.it\/leistungen\/151954332_198632592042837_946953904184305121_o-1\/\" class=\"wp-image-101\" srcset=\"https:\/\/dasbadilbagno.it\/wp-content\/uploads\/2021\/03\/151954332_198632592042837_946953904184305121_o-1-1024x1024.jpg 1024w, https:\/\/dasbadilbagno.it\/wp-content\/uploads\/2021\/03\/151954332_198632592042837_946953904184305121_o-1-300x300.jpg 300w, https:\/\/dasbadilbagno.it\/wp-content\/uploads\/2021\/03\/151954332_198632592042837_946953904184305121_o-1-150x150.jpg 150w, https:\/\/dasbadilbagno.it\/wp-content\/uploads\/2021\/03\/151954332_198632592042837_946953904184305121_o-1-768x768.jpg 768w, https:\/\/dasbadilbagno.it\/wp-content\/uploads\/2021\/03\/151954332_198632592042837_946953904184305121_o-1-850x850.jpg 850w, https:\/\/dasbadilbagno.it\/wp-content\/uploads\/2021\/03\/151954332_198632592042837_946953904184305121_o-1-600x600.jpg 600w, https:\/\/dasbadilbagno.it\/wp-content\/uploads\/2021\/03\/151954332_198632592042837_946953904184305121_o-1-100x100.jpg 100w, https:\/\/dasbadilbagno.it\/wp-content\/uploads\/2021\/03\/151954332_198632592042837_946953904184305121_o-1.jpg 1440w\" sizes=\"auto, (max-width: 1024px) 100vw, 1024px\" \/><\/figure><\/li><li class=\"blocks-gallery-item\"><figure><img loading=\"lazy\" decoding=\"async\" width=\"1024\" height=\"1024\" src=\"https:\/\/dasbadilbagno.it\/wp-content\/uploads\/2021\/03\/152033761_198632598709503_5406554219541097811_o-1-1024x1024.jpg\" alt=\"\" data-id=\"102\" data-full-url=\"https:\/\/dasbadilbagno.it\/wp-content\/uploads\/2021\/03\/152033761_198632598709503_5406554219541097811_o-1.jpg\" data-link=\"https:\/\/dasbadilbagno.it\/leistungen\/152033761_198632598709503_5406554219541097811_o-1\/\" class=\"wp-image-102\" srcset=\"https:\/\/dasbadilbagno.it\/wp-content\/uploads\/2021\/03\/152033761_198632598709503_5406554219541097811_o-1-1024x1024.jpg 1024w, https:\/\/dasbadilbagno.it\/wp-content\/uploads\/2021\/03\/152033761_198632598709503_5406554219541097811_o-1-300x300.jpg 300w, https:\/\/dasbadilbagno.it\/wp-content\/uploads\/2021\/03\/152033761_198632598709503_5406554219541097811_o-1-150x150.jpg 150w, https:\/\/dasbadilbagno.it\/wp-content\/uploads\/2021\/03\/152033761_198632598709503_5406554219541097811_o-1-768x767.jpg 768w, https:\/\/dasbadilbagno.it\/wp-content\/uploads\/2021\/03\/152033761_198632598709503_5406554219541097811_o-1-850x849.jpg 850w, https:\/\/dasbadilbagno.it\/wp-content\/uploads\/2021\/03\/152033761_198632598709503_5406554219541097811_o-1-600x600.jpg 600w, https:\/\/dasbadilbagno.it\/wp-content\/uploads\/2021\/03\/152033761_198632598709503_5406554219541097811_o-1-100x100.jpg 100w, https:\/\/dasbadilbagno.it\/wp-content\/uploads\/2021\/03\/152033761_198632598709503_5406554219541097811_o-1.jpg 1440w\" sizes=\"auto, (max-width: 1024px) 100vw, 1024px\" \/><\/figure><\/li><li class=\"blocks-gallery-item\"><figure><img loading=\"lazy\" decoding=\"async\" width=\"1024\" height=\"1024\" src=\"https:\/\/dasbadilbagno.it\/wp-content\/uploads\/2021\/03\/152166685_198632585376171_2472762044731494436_o-2-1024x1024.jpg\" alt=\"\" data-id=\"103\" data-full-url=\"https:\/\/dasbadilbagno.it\/wp-content\/uploads\/2021\/03\/152166685_198632585376171_2472762044731494436_o-2.jpg\" data-link=\"https:\/\/dasbadilbagno.it\/leistungen\/152166685_198632585376171_2472762044731494436_o-2\/\" class=\"wp-image-103\" srcset=\"https:\/\/dasbadilbagno.it\/wp-content\/uploads\/2021\/03\/152166685_198632585376171_2472762044731494436_o-2-1024x1024.jpg 1024w, https:\/\/dasbadilbagno.it\/wp-content\/uploads\/2021\/03\/152166685_198632585376171_2472762044731494436_o-2-300x300.jpg 300w, https:\/\/dasbadilbagno.it\/wp-content\/uploads\/2021\/03\/152166685_198632585376171_2472762044731494436_o-2-150x150.jpg 150w, https:\/\/dasbadilbagno.it\/wp-content\/uploads\/2021\/03\/152166685_198632585376171_2472762044731494436_o-2-768x767.jpg 768w, https:\/\/dasbadilbagno.it\/wp-content\/uploads\/2021\/03\/152166685_198632585376171_2472762044731494436_o-2-850x849.jpg 850w, https:\/\/dasbadilbagno.it\/wp-content\/uploads\/2021\/03\/152166685_198632585376171_2472762044731494436_o-2-600x600.jpg 600w, https:\/\/dasbadilbagno.it\/wp-content\/uploads\/2021\/03\/152166685_198632585376171_2472762044731494436_o-2-100x100.jpg 100w, https:\/\/dasbadilbagno.it\/wp-content\/uploads\/2021\/03\/152166685_198632585376171_2472762044731494436_o-2.jpg 1440w\" sizes=\"auto, (max-width: 1024px) 100vw, 1024px\" \/><\/figure><\/li><li class=\"blocks-gallery-item\"><figure><img loading=\"lazy\" decoding=\"async\" width=\"1024\" height=\"1024\" src=\"https:\/\/dasbadilbagno.it\/wp-content\/uploads\/2021\/03\/153586424_202007478372015_8521943051122161523_o-1-1024x1024.jpg\" alt=\"\" data-id=\"104\" data-full-url=\"https:\/\/dasbadilbagno.it\/wp-content\/uploads\/2021\/03\/153586424_202007478372015_8521943051122161523_o-1.jpg\" data-link=\"https:\/\/dasbadilbagno.it\/leistungen\/153586424_202007478372015_8521943051122161523_o-1\/\" class=\"wp-image-104\" srcset=\"https:\/\/dasbadilbagno.it\/wp-content\/uploads\/2021\/03\/153586424_202007478372015_8521943051122161523_o-1-1024x1024.jpg 1024w, https:\/\/dasbadilbagno.it\/wp-content\/uploads\/2021\/03\/153586424_202007478372015_8521943051122161523_o-1-300x300.jpg 300w, https:\/\/dasbadilbagno.it\/wp-content\/uploads\/2021\/03\/153586424_202007478372015_8521943051122161523_o-1-150x150.jpg 150w, https:\/\/dasbadilbagno.it\/wp-content\/uploads\/2021\/03\/153586424_202007478372015_8521943051122161523_o-1-768x768.jpg 768w, https:\/\/dasbadilbagno.it\/wp-content\/uploads\/2021\/03\/153586424_202007478372015_8521943051122161523_o-1-850x850.jpg 850w, https:\/\/dasbadilbagno.it\/wp-content\/uploads\/2021\/03\/153586424_202007478372015_8521943051122161523_o-1-600x600.jpg 600w, https:\/\/dasbadilbagno.it\/wp-content\/uploads\/2021\/03\/153586424_202007478372015_8521943051122161523_o-1-100x100.jpg 100w, https:\/\/dasbadilbagno.it\/wp-content\/uploads\/2021\/03\/153586424_202007478372015_8521943051122161523_o-1.jpg 1124w\" sizes=\"auto, (max-width: 1024px) 100vw, 1024px\" \/><\/figure><\/li><\/ul><\/figure>\n","protected":false},"excerpt":{"rendered":"<p>Was wir Ihnen anbieten k\u00f6nnen Beratung bei Auswahl und DesignAusmessen vor OrtStil- und GestaltungsberatungTechnische Beratung f\u00fcr VerlegungLieferung der BestellungFachgerechte VerlegungS\u00e4mtliche Zusatzprodukte und Zubeh\u00f6rTipps und Anleitungen f\u00fcr VerlegungTipps und Anleitung f\u00fcr Pflege<\/p>\n","protected":false},"author":1,"featured_media":0,"parent":0,"menu_order":0,"comment_status":"closed","ping_status":"closed","template":"","meta":{"footnotes":""},"class_list":["post-27","page","type-page","status-publish","hentry"],"translation":{"provider":"WPGlobus","version":"3.0.2","language":"en","enabled_languages":["de","it","en"],"languages":{"de":{"title":true,"content":true,"excerpt":false},"it":{"title":true,"content":true,"excerpt":false},"en":{"title":true,"content":false,"excerpt":false}}},"yoast_head":"<!-- This site is optimized with the Yoast SEO plugin v27.4 - https:\/\/yoast.com\/product\/yoast-seo-wordpress\/ -->\n<title>Services - das bad - il bagno<\/title>\n<meta name=\"robots\" content=\"index, follow, max-snippet:-1, max-image-preview:large, max-video-preview:-1\" \/>\n<link rel=\"canonical\" href=\"https:\/\/dasbadilbagno.it\/leistungen\/\" \/>\n<meta property=\"og:locale\" content=\"en_US\" \/>\n<meta property=\"og:type\" content=\"article\" \/>\n<meta property=\"og:title\" content=\"Services - das bad - il bagno\" \/>\n<meta property=\"og:url\" content=\"https:\/\/dasbadilbagno.it\/leistungen\/\" \/>\n<meta property=\"og:site_name\" content=\"das bad - il bagno\" \/>\n<meta property=\"article:modified_time\" content=\"2021-03-20T15:33:47+00:00\" \/>\n<meta property=\"og:image\" content=\"https:\/\/dasbadilbagno.it\/wp-content\/uploads\/2021\/03\/146242489_189462236293206_2948010789980744638_n-1-1.jpg\" \/>\n<meta name=\"twitter:card\" content=\"summary_large_image\" \/>\n<meta name=\"twitter:label1\" content=\"Est. reading time\" \/>\n\t<meta name=\"twitter:data1\" content=\"2 minutes\" \/>\n<script type=\"application\/ld+json\" class=\"yoast-schema-graph\">{\"@context\":\"https:\\\/\\\/schema.org\",\"@graph\":[{\"@type\":\"WebPage\",\"@id\":\"https:\\\/\\\/dasbadilbagno.it\\\/leistungen\\\/\",\"url\":\"https:\\\/\\\/dasbadilbagno.it\\\/leistungen\\\/\",\"name\":\"Services - das bad - il bagno\",\"isPartOf\":{\"@id\":\"https:\\\/\\\/dasbadilbagno.it\\\/#website\"},\"primaryImageOfPage\":{\"@id\":\"https:\\\/\\\/dasbadilbagno.it\\\/leistungen\\\/#primaryimage\"},\"image\":{\"@id\":\"https:\\\/\\\/dasbadilbagno.it\\\/leistungen\\\/#primaryimage\"},\"thumbnailUrl\":\"https:\\\/\\\/dasbadilbagno.it\\\/wp-content\\\/uploads\\\/2021\\\/03\\\/146242489_189462236293206_2948010789980744638_n-1-1.jpg\",\"datePublished\":\"2021-03-08T22:34:26+00:00\",\"dateModified\":\"2021-03-20T15:33:47+00:00\",\"breadcrumb\":{\"@id\":\"https:\\\/\\\/dasbadilbagno.it\\\/leistungen\\\/#breadcrumb\"},\"inLanguage\":\"en-US\",\"potentialAction\":[{\"@type\":\"ReadAction\",\"target\":[\"https:\\\/\\\/dasbadilbagno.it\\\/leistungen\\\/\"]}]},{\"@type\":\"ImageObject\",\"inLanguage\":\"en-US\",\"@id\":\"https:\\\/\\\/dasbadilbagno.it\\\/leistungen\\\/#primaryimage\",\"url\":\"https:\\\/\\\/dasbadilbagno.it\\\/wp-content\\\/uploads\\\/2021\\\/03\\\/146242489_189462236293206_2948010789980744638_n-1-1.jpg\",\"contentUrl\":\"https:\\\/\\\/dasbadilbagno.it\\\/wp-content\\\/uploads\\\/2021\\\/03\\\/146242489_189462236293206_2948010789980744638_n-1-1.jpg\"},{\"@type\":\"BreadcrumbList\",\"@id\":\"https:\\\/\\\/dasbadilbagno.it\\\/leistungen\\\/#breadcrumb\",\"itemListElement\":[{\"@type\":\"ListItem\",\"position\":1,\"name\":\"Startseite\",\"item\":\"https:\\\/\\\/dasbadilbagno.it\\\/\"},{\"@type\":\"ListItem\",\"position\":2,\"name\":\"Leistungen\"}]},{\"@type\":\"WebSite\",\"@id\":\"https:\\\/\\\/dasbadilbagno.it\\\/#website\",\"url\":\"https:\\\/\\\/dasbadilbagno.it\\\/\",\"name\":\"das bad - il bagno\",\"description\":\"English\",\"publisher\":{\"@id\":\"https:\\\/\\\/dasbadilbagno.it\\\/#organization\"},\"potentialAction\":[{\"@type\":\"SearchAction\",\"target\":{\"@type\":\"EntryPoint\",\"urlTemplate\":\"https:\\\/\\\/dasbadilbagno.it\\\/?s={search_term_string}\"},\"query-input\":{\"@type\":\"PropertyValueSpecification\",\"valueRequired\":true,\"valueName\":\"search_term_string\"}}],\"inLanguage\":\"en-US\"},{\"@type\":\"Organization\",\"@id\":\"https:\\\/\\\/dasbadilbagno.it\\\/#organization\",\"name\":\"das bad - il bagno\",\"url\":\"https:\\\/\\\/dasbadilbagno.it\\\/\",\"logo\":{\"@type\":\"ImageObject\",\"inLanguage\":\"en-US\",\"@id\":\"https:\\\/\\\/dasbadilbagno.it\\\/#\\\/schema\\\/logo\\\/image\\\/\",\"url\":\"https:\\\/\\\/dasbadilbagno.it\\\/wp-content\\\/uploads\\\/2021\\\/03\\\/cropped-Logo.png\",\"contentUrl\":\"https:\\\/\\\/dasbadilbagno.it\\\/wp-content\\\/uploads\\\/2021\\\/03\\\/cropped-Logo.png\",\"width\":262,\"height\":93,\"caption\":\"das bad - il bagno\"},\"image\":{\"@id\":\"https:\\\/\\\/dasbadilbagno.it\\\/#\\\/schema\\\/logo\\\/image\\\/\"}}]}<\/script>\n<!-- \/ Yoast SEO plugin. -->","yoast_head_json":{"title":"Services - das bad - il bagno","robots":{"index":"index","follow":"follow","max-snippet":"max-snippet:-1","max-image-preview":"max-image-preview:large","max-video-preview":"max-video-preview:-1"},"canonical":"https:\/\/dasbadilbagno.it\/leistungen\/","og_locale":"en_US","og_type":"article","og_title":"Services - das bad - il bagno","og_url":"https:\/\/dasbadilbagno.it\/leistungen\/","og_site_name":"das bad - il bagno","article_modified_time":"2021-03-20T15:33:47+00:00","og_image":[{"url":"https:\/\/dasbadilbagno.it\/wp-content\/uploads\/2021\/03\/146242489_189462236293206_2948010789980744638_n-1-1.jpg","type":"","width":"","height":""}],"twitter_card":"summary_large_image","twitter_misc":{"Est. reading time":"2 minutes"},"schema":{"@context":"https:\/\/schema.org","@graph":[{"@type":"WebPage","@id":"https:\/\/dasbadilbagno.it\/leistungen\/","url":"https:\/\/dasbadilbagno.it\/leistungen\/","name":"Services - das bad - il bagno","isPartOf":{"@id":"https:\/\/dasbadilbagno.it\/#website"},"primaryImageOfPage":{"@id":"https:\/\/dasbadilbagno.it\/leistungen\/#primaryimage"},"image":{"@id":"https:\/\/dasbadilbagno.it\/leistungen\/#primaryimage"},"thumbnailUrl":"https:\/\/dasbadilbagno.it\/wp-content\/uploads\/2021\/03\/146242489_189462236293206_2948010789980744638_n-1-1.jpg","datePublished":"2021-03-08T22:34:26+00:00","dateModified":"2021-03-20T15:33:47+00:00","breadcrumb":{"@id":"https:\/\/dasbadilbagno.it\/leistungen\/#breadcrumb"},"inLanguage":"en-US","potentialAction":[{"@type":"ReadAction","target":["https:\/\/dasbadilbagno.it\/leistungen\/"]}]},{"@type":"ImageObject","inLanguage":"en-US","@id":"https:\/\/dasbadilbagno.it\/leistungen\/#primaryimage","url":"https:\/\/dasbadilbagno.it\/wp-content\/uploads\/2021\/03\/146242489_189462236293206_2948010789980744638_n-1-1.jpg","contentUrl":"https:\/\/dasbadilbagno.it\/wp-content\/uploads\/2021\/03\/146242489_189462236293206_2948010789980744638_n-1-1.jpg"},{"@type":"BreadcrumbList","@id":"https:\/\/dasbadilbagno.it\/leistungen\/#breadcrumb","itemListElement":[{"@type":"ListItem","position":1,"name":"Startseite","item":"https:\/\/dasbadilbagno.it\/"},{"@type":"ListItem","position":2,"name":"Leistungen"}]},{"@type":"WebSite","@id":"https:\/\/dasbadilbagno.it\/#website","url":"https:\/\/dasbadilbagno.it\/","name":"das bad - il bagno","description":"English","publisher":{"@id":"https:\/\/dasbadilbagno.it\/#organization"},"potentialAction":[{"@type":"SearchAction","target":{"@type":"EntryPoint","urlTemplate":"https:\/\/dasbadilbagno.it\/?s={search_term_string}"},"query-input":{"@type":"PropertyValueSpecification","valueRequired":true,"valueName":"search_term_string"}}],"inLanguage":"en-US"},{"@type":"Organization","@id":"https:\/\/dasbadilbagno.it\/#organization","name":"das bad - il bagno","url":"https:\/\/dasbadilbagno.it\/","logo":{"@type":"ImageObject","inLanguage":"en-US","@id":"https:\/\/dasbadilbagno.it\/#\/schema\/logo\/image\/","url":"https:\/\/dasbadilbagno.it\/wp-content\/uploads\/2021\/03\/cropped-Logo.png","contentUrl":"https:\/\/dasbadilbagno.it\/wp-content\/uploads\/2021\/03\/cropped-Logo.png","width":262,"height":93,"caption":"das bad - il bagno"},"image":{"@id":"https:\/\/dasbadilbagno.it\/#\/schema\/logo\/image\/"}}]}},"_links":{"self":[{"href":"https:\/\/dasbadilbagno.it\/en\/wp-json\/wp\/v2\/pages\/27","targetHints":{"allow":["GET"]}}],"collection":[{"href":"https:\/\/dasbadilbagno.it\/en\/wp-json\/wp\/v2\/pages"}],"about":[{"href":"https:\/\/dasbadilbagno.it\/en\/wp-json\/wp\/v2\/types\/page"}],"author":[{"embeddable":true,"href":"https:\/\/dasbadilbagno.it\/en\/wp-json\/wp\/v2\/users\/1"}],"replies":[{"embeddable":true,"href":"https:\/\/dasbadilbagno.it\/en\/wp-json\/wp\/v2\/comments?post=27"}],"version-history":[{"count":12,"href":"https:\/\/dasbadilbagno.it\/en\/wp-json\/wp\/v2\/pages\/27\/revisions"}],"predecessor-version":[{"id":105,"href":"https:\/\/dasbadilbagno.it\/en\/wp-json\/wp\/v2\/pages\/27\/revisions\/105"}],"wp:attachment":[{"href":"https:\/\/dasbadilbagno.it\/en\/wp-json\/wp\/v2\/media?parent=27"}],"curies":[{"name":"wp","href":"https:\/\/api.w.org\/{rel}","templated":true}]}}